{"id":3075,"date":"2025-11-28T16:48:15","date_gmt":"2025-11-28T14:48:15","guid":{"rendered":"https:\/\/europediamond.eu\/product\/turbo-rocky"},"modified":"2026-02-19T11:39:20","modified_gmt":"2026-02-19T09:39:20","slug":"turbo-rocky","status":"publish","type":"product","link":"https:\/\/europediamond.eu\/de\/produkte\/turbo-rocky","title":{"rendered":"TURBO ROCKY"},"content":{"rendered":"<p>Das Turbo Rocky S\u00e4geblatt ist ein wirklich erstklassiges S\u00e4geblatt. Das S\u00e4geblatt schneidet m\u00fchelos durch h\u00e4rtere Betonsorten in Kombination mit Bewehrung, Granit, Sichtbeton usw. Es schneidet extrem schnell und hat eine extrem lange Lebensdauer. Dadurch ist die Klinge besonders langlebig und eine langfristige L\u00f6sung f\u00fcr Profis.<\/p>\n","protected":false},"excerpt":{"rendered":"<p>Das Turbo Rocky S\u00e4geblatt ist ein wirklich hochwertiges S\u00e4geblatt.<\/p>\n","protected":false},"featured_media":2541,"comment_status":"closed","ping_status":"closed","template":"","meta":{"_acf_changed":false},"product_brand":[],"product_cat":[425,293],"product_tag":[309],"class_list":{"0":"post-3075","1":"product","2":"type-product","3":"status-publish","4":"has-post-thumbnail","6":"product_cat-sageblatt-beton","7":"product_cat-saegeblaetter","8":"product_tag-stahlbeton","10":"first","11":"instock","12":"taxable","13":"shipping-taxable","14":"purchasable","15":"product-type-variable"},"acf":[],"yoast_head":"<!-- This site is optimized with the Yoast SEO plugin v27.6 - https:\/\/yoast.com\/product\/yoast-seo-wordpress\/ -->\n<title>TURBO ROCKY - Europe Diamond B.V.<\/title>\n<meta name=\"robots\" content=\"index, follow, max-snippet:-1, max-image-preview:large, max-video-preview:-1\" \/>\n<link rel=\"canonical\" href=\"https:\/\/europediamond.eu\/de\/produkte\/turbo-rocky\" \/>\n<meta property=\"og:locale\" content=\"de_DE\" \/>\n<meta property=\"og:type\" content=\"article\" \/>\n<meta property=\"og:title\" content=\"TURBO ROCKY - Europe Diamond B.V.\" \/>\n<meta property=\"og:description\" content=\"Das Turbo Rocky S\u00e4geblatt ist ein wirklich hochwertiges S\u00e4geblatt.\" \/>\n<meta property=\"og:url\" content=\"https:\/\/europediamond.eu\/de\/produkte\/turbo-rocky\" \/>\n<meta property=\"og:site_name\" content=\"Europe Diamond B.V.\" \/>\n<meta property=\"article:publisher\" content=\"https:\/\/www.facebook.com\/europediamond.eu\" \/>\n<meta property=\"article:modified_time\" content=\"2026-02-19T09:39:20+00:00\" \/>\n<meta property=\"og:image\" content=\"https:\/\/europediamond.eu\/wp-content\/uploads\/2025\/11\/TURBO-ROCKY.png\" \/>\n\t<meta property=\"og:image:width\" content=\"612\" \/>\n\t<meta property=\"og:image:height\" content=\"408\" \/>\n\t<meta property=\"og:image:type\" content=\"image\/png\" \/>\n<meta name=\"twitter:card\" content=\"summary_large_image\" \/>\n<meta name=\"twitter:label1\" content=\"Gesch\u00e4tzte Lesezeit\" \/>\n\t<meta name=\"twitter:data1\" content=\"1\u00a0Minute\" \/>\n<script type=\"application\/ld+json\" class=\"yoast-schema-graph\">{\"@context\":\"https:\\\/\\\/schema.org\",\"@graph\":[{\"@type\":\"WebPage\",\"@id\":\"https:\\\/\\\/europediamond.eu\\\/de\\\/produkte\\\/turbo-rocky\",\"url\":\"https:\\\/\\\/europediamond.eu\\\/de\\\/produkte\\\/turbo-rocky\",\"name\":\"TURBO ROCKY - Europe Diamond B.V.\",\"isPartOf\":{\"@id\":\"https:\\\/\\\/europediamond.eu\\\/de#website\"},\"primaryImageOfPage\":{\"@id\":\"https:\\\/\\\/europediamond.eu\\\/de\\\/produkte\\\/turbo-rocky#primaryimage\"},\"image\":{\"@id\":\"https:\\\/\\\/europediamond.eu\\\/de\\\/produkte\\\/turbo-rocky#primaryimage\"},\"thumbnailUrl\":\"https:\\\/\\\/europediamond.eu\\\/wp-content\\\/uploads\\\/2025\\\/11\\\/TURBO-ROCKY.png\",\"datePublished\":\"2025-11-28T14:48:15+00:00\",\"dateModified\":\"2026-02-19T09:39:20+00:00\",\"breadcrumb\":{\"@id\":\"https:\\\/\\\/europediamond.eu\\\/de\\\/produkte\\\/turbo-rocky#breadcrumb\"},\"inLanguage\":\"de\",\"potentialAction\":[{\"@type\":\"ReadAction\",\"target\":[\"https:\\\/\\\/europediamond.eu\\\/de\\\/produkte\\\/turbo-rocky\"]}]},{\"@type\":\"ImageObject\",\"inLanguage\":\"de\",\"@id\":\"https:\\\/\\\/europediamond.eu\\\/de\\\/produkte\\\/turbo-rocky#primaryimage\",\"url\":\"https:\\\/\\\/europediamond.eu\\\/wp-content\\\/uploads\\\/2025\\\/11\\\/TURBO-ROCKY.png\",\"contentUrl\":\"https:\\\/\\\/europediamond.eu\\\/wp-content\\\/uploads\\\/2025\\\/11\\\/TURBO-ROCKY.png\",\"width\":612,\"height\":408},{\"@type\":\"BreadcrumbList\",\"@id\":\"https:\\\/\\\/europediamond.eu\\\/de\\\/produkte\\\/turbo-rocky#breadcrumb\",\"itemListElement\":[{\"@type\":\"ListItem\",\"position\":1,\"name\":\"Home\",\"item\":\"https:\\\/\\\/europediamond.eu\\\/de\"},{\"@type\":\"ListItem\",\"position\":2,\"name\":\"Produkte\",\"item\":\"https:\\\/\\\/europediamond.eu\\\/producten\"},{\"@type\":\"ListItem\",\"position\":3,\"name\":\"TURBO ROCKY\"}]},{\"@type\":\"WebSite\",\"@id\":\"https:\\\/\\\/europediamond.eu\\\/de#website\",\"url\":\"https:\\\/\\\/europediamond.eu\\\/de\",\"name\":\"Europe Diamond B.V.\",\"description\":\"\",\"publisher\":{\"@id\":\"https:\\\/\\\/europediamond.eu\\\/de#organization\"},\"potentialAction\":[{\"@type\":\"SearchAction\",\"target\":{\"@type\":\"EntryPoint\",\"urlTemplate\":\"https:\\\/\\\/europediamond.eu\\\/de?s={search_term_string}\"},\"query-input\":{\"@type\":\"PropertyValueSpecification\",\"valueRequired\":true,\"valueName\":\"search_term_string\"}}],\"inLanguage\":\"de\"},{\"@type\":\"Organization\",\"@id\":\"https:\\\/\\\/europediamond.eu\\\/de#organization\",\"name\":\"Europe Diamond B.V.\",\"url\":\"https:\\\/\\\/europediamond.eu\\\/de\",\"logo\":{\"@type\":\"ImageObject\",\"inLanguage\":\"de\",\"@id\":\"https:\\\/\\\/europediamond.eu\\\/de#\\\/schema\\\/logo\\\/image\\\/\",\"url\":\"https:\\\/\\\/europediamond.eu\\\/wp-content\\\/uploads\\\/2024\\\/05\\\/logo-white.svg\",\"contentUrl\":\"https:\\\/\\\/europediamond.eu\\\/wp-content\\\/uploads\\\/2024\\\/05\\\/logo-white.svg\",\"width\":1,\"height\":1,\"caption\":\"Europe Diamond B.V.\"},\"image\":{\"@id\":\"https:\\\/\\\/europediamond.eu\\\/de#\\\/schema\\\/logo\\\/image\\\/\"},\"sameAs\":[\"https:\\\/\\\/www.facebook.com\\\/europediamond.eu\",\"https:\\\/\\\/www.instagram.com\\\/europediamond\\\/\"]}]}<\/script>\n<!-- \/ Yoast SEO plugin. -->","yoast_head_json":{"title":"TURBO ROCKY - Europe Diamond B.V.","robots":{"index":"index","follow":"follow","max-snippet":"max-snippet:-1","max-image-preview":"max-image-preview:large","max-video-preview":"max-video-preview:-1"},"canonical":"https:\/\/europediamond.eu\/de\/produkte\/turbo-rocky","og_locale":"de_DE","og_type":"article","og_title":"TURBO ROCKY - Europe Diamond B.V.","og_description":"Das Turbo Rocky S\u00e4geblatt ist ein wirklich hochwertiges S\u00e4geblatt.","og_url":"https:\/\/europediamond.eu\/de\/produkte\/turbo-rocky","og_site_name":"Europe Diamond B.V.","article_publisher":"https:\/\/www.facebook.com\/europediamond.eu","article_modified_time":"2026-02-19T09:39:20+00:00","og_image":[{"width":612,"height":408,"url":"https:\/\/europediamond.eu\/wp-content\/uploads\/2025\/11\/TURBO-ROCKY.png","type":"image\/png"}],"twitter_card":"summary_large_image","twitter_misc":{"Gesch\u00e4tzte Lesezeit":"1\u00a0Minute"},"schema":{"@context":"https:\/\/schema.org","@graph":[{"@type":"WebPage","@id":"https:\/\/europediamond.eu\/de\/produkte\/turbo-rocky","url":"https:\/\/europediamond.eu\/de\/produkte\/turbo-rocky","name":"TURBO ROCKY - Europe Diamond B.V.","isPartOf":{"@id":"https:\/\/europediamond.eu\/de#website"},"primaryImageOfPage":{"@id":"https:\/\/europediamond.eu\/de\/produkte\/turbo-rocky#primaryimage"},"image":{"@id":"https:\/\/europediamond.eu\/de\/produkte\/turbo-rocky#primaryimage"},"thumbnailUrl":"https:\/\/europediamond.eu\/wp-content\/uploads\/2025\/11\/TURBO-ROCKY.png","datePublished":"2025-11-28T14:48:15+00:00","dateModified":"2026-02-19T09:39:20+00:00","breadcrumb":{"@id":"https:\/\/europediamond.eu\/de\/produkte\/turbo-rocky#breadcrumb"},"inLanguage":"de","potentialAction":[{"@type":"ReadAction","target":["https:\/\/europediamond.eu\/de\/produkte\/turbo-rocky"]}]},{"@type":"ImageObject","inLanguage":"de","@id":"https:\/\/europediamond.eu\/de\/produkte\/turbo-rocky#primaryimage","url":"https:\/\/europediamond.eu\/wp-content\/uploads\/2025\/11\/TURBO-ROCKY.png","contentUrl":"https:\/\/europediamond.eu\/wp-content\/uploads\/2025\/11\/TURBO-ROCKY.png","width":612,"height":408},{"@type":"BreadcrumbList","@id":"https:\/\/europediamond.eu\/de\/produkte\/turbo-rocky#breadcrumb","itemListElement":[{"@type":"ListItem","position":1,"name":"Home","item":"https:\/\/europediamond.eu\/de"},{"@type":"ListItem","position":2,"name":"Produkte","item":"https:\/\/europediamond.eu\/producten"},{"@type":"ListItem","position":3,"name":"TURBO ROCKY"}]},{"@type":"WebSite","@id":"https:\/\/europediamond.eu\/de#website","url":"https:\/\/europediamond.eu\/de","name":"Europe Diamond B.V.","description":"","publisher":{"@id":"https:\/\/europediamond.eu\/de#organization"},"potentialAction":[{"@type":"SearchAction","target":{"@type":"EntryPoint","urlTemplate":"https:\/\/europediamond.eu\/de?s={search_term_string}"},"query-input":{"@type":"PropertyValueSpecification","valueRequired":true,"valueName":"search_term_string"}}],"inLanguage":"de"},{"@type":"Organization","@id":"https:\/\/europediamond.eu\/de#organization","name":"Europe Diamond B.V.","url":"https:\/\/europediamond.eu\/de","logo":{"@type":"ImageObject","inLanguage":"de","@id":"https:\/\/europediamond.eu\/de#\/schema\/logo\/image\/","url":"https:\/\/europediamond.eu\/wp-content\/uploads\/2024\/05\/logo-white.svg","contentUrl":"https:\/\/europediamond.eu\/wp-content\/uploads\/2024\/05\/logo-white.svg","width":1,"height":1,"caption":"Europe Diamond B.V."},"image":{"@id":"https:\/\/europediamond.eu\/de#\/schema\/logo\/image\/"},"sameAs":["https:\/\/www.facebook.com\/europediamond.eu","https:\/\/www.instagram.com\/europediamond\/"]}]}},"_links":{"self":[{"href":"https:\/\/europediamond.eu\/de\/wp-json\/wp\/v2\/product\/3075","targetHints":{"allow":["GET"]}}],"collection":[{"href":"https:\/\/europediamond.eu\/de\/wp-json\/wp\/v2\/product"}],"about":[{"href":"https:\/\/europediamond.eu\/de\/wp-json\/wp\/v2\/types\/product"}],"replies":[{"embeddable":true,"href":"https:\/\/europediamond.eu\/de\/wp-json\/wp\/v2\/comments?post=3075"}],"wp:featuredmedia":[{"embeddable":true,"href":"https:\/\/europediamond.eu\/de\/wp-json\/wp\/v2\/media\/2541"}],"wp:attachment":[{"href":"https:\/\/europediamond.eu\/de\/wp-json\/wp\/v2\/media?parent=3075"}],"wp:term":[{"taxonomy":"product_brand","embeddable":true,"href":"https:\/\/europediamond.eu\/de\/wp-json\/wp\/v2\/product_brand?post=3075"},{"taxonomy":"product_cat","embeddable":true,"href":"https:\/\/europediamond.eu\/de\/wp-json\/wp\/v2\/product_cat?post=3075"},{"taxonomy":"product_tag","embeddable":true,"href":"https:\/\/europediamond.eu\/de\/wp-json\/wp\/v2\/product_tag?post=3075"}],"curies":[{"name":"wp","href":"https:\/\/api.w.org\/{rel}","templated":true}]}}