{"id":3093,"date":"2025-11-28T16:38:46","date_gmt":"2025-11-28T14:38:46","guid":{"rendered":"https:\/\/europediamond.eu\/product\/matrix-champion"},"modified":"2026-02-19T11:39:14","modified_gmt":"2026-02-19T09:39:14","slug":"matrix-champion","status":"publish","type":"product","link":"https:\/\/europediamond.eu\/de\/produkte\/matrix-champion","title":{"rendered":"MATRIX CHAMPION"},"content":{"rendered":"<p>Das Matrix Champion S\u00e4geblatt ist ein Spitzenprodukt bei Betonarbeiten. Das S\u00e4geblatt schneidet m\u00fchelos auch durch h\u00e4rtere Betonsorten in Kombination mit Bewehrung. Die Klinge ist in den Segmenten mit positionierten Diamantk\u00f6rnern versehen. Dies garantiert schnelles und stabiles S\u00e4gen in Perfektion.<\/p>\n","protected":false},"excerpt":{"rendered":"<p>Das Matrix Champion S\u00e4geblatt ist ein Spitzenprodukt bei Betonarbeiten.<\/p>\n","protected":false},"featured_media":2531,"comment_status":"closed","ping_status":"closed","template":"","meta":{"_acf_changed":false},"product_brand":[],"product_cat":[425,293],"product_tag":[309],"class_list":{"0":"post-3093","1":"product","2":"type-product","3":"status-publish","4":"has-post-thumbnail","6":"product_cat-sageblatt-beton","7":"product_cat-saegeblaetter","8":"product_tag-stahlbeton","10":"first","11":"instock","12":"taxable","13":"shipping-taxable","14":"purchasable","15":"product-type-variable"},"acf":[],"yoast_head":"<!-- This site is optimized with the Yoast SEO plugin v27.6 - https:\/\/yoast.com\/product\/yoast-seo-wordpress\/ -->\n<title>MATRIX CHAMPION - Europe Diamond B.V.<\/title>\n<meta name=\"robots\" content=\"index, follow, max-snippet:-1, max-image-preview:large, max-video-preview:-1\" \/>\n<link rel=\"canonical\" href=\"https:\/\/europediamond.eu\/de\/produkte\/matrix-champion\" \/>\n<meta property=\"og:locale\" content=\"de_DE\" \/>\n<meta property=\"og:type\" content=\"article\" \/>\n<meta property=\"og:title\" content=\"MATRIX CHAMPION - Europe Diamond B.V.\" \/>\n<meta property=\"og:description\" content=\"Das Matrix Champion S\u00e4geblatt ist ein Spitzenprodukt bei Betonarbeiten.\" \/>\n<meta property=\"og:url\" content=\"https:\/\/europediamond.eu\/de\/produkte\/matrix-champion\" \/>\n<meta property=\"og:site_name\" content=\"Europe Diamond B.V.\" \/>\n<meta property=\"article:publisher\" content=\"https:\/\/www.facebook.com\/europediamond.eu\" \/>\n<meta property=\"article:modified_time\" content=\"2026-02-19T09:39:14+00:00\" \/>\n<meta property=\"og:image\" content=\"https:\/\/europediamond.eu\/wp-content\/uploads\/2025\/11\/MATRIX-CHAMPION.png\" \/>\n\t<meta property=\"og:image:width\" content=\"612\" \/>\n\t<meta property=\"og:image:height\" content=\"408\" \/>\n\t<meta property=\"og:image:type\" content=\"image\/png\" \/>\n<meta name=\"twitter:card\" content=\"summary_large_image\" \/>\n<meta name=\"twitter:label1\" content=\"Gesch\u00e4tzte Lesezeit\" \/>\n\t<meta name=\"twitter:data1\" content=\"1\u00a0Minute\" \/>\n<script type=\"application\/ld+json\" class=\"yoast-schema-graph\">{\"@context\":\"https:\\\/\\\/schema.org\",\"@graph\":[{\"@type\":\"WebPage\",\"@id\":\"https:\\\/\\\/europediamond.eu\\\/de\\\/produkte\\\/matrix-champion\",\"url\":\"https:\\\/\\\/europediamond.eu\\\/de\\\/produkte\\\/matrix-champion\",\"name\":\"MATRIX CHAMPION - Europe Diamond B.V.\",\"isPartOf\":{\"@id\":\"https:\\\/\\\/europediamond.eu\\\/de#website\"},\"primaryImageOfPage\":{\"@id\":\"https:\\\/\\\/europediamond.eu\\\/de\\\/produkte\\\/matrix-champion#primaryimage\"},\"image\":{\"@id\":\"https:\\\/\\\/europediamond.eu\\\/de\\\/produkte\\\/matrix-champion#primaryimage\"},\"thumbnailUrl\":\"https:\\\/\\\/europediamond.eu\\\/wp-content\\\/uploads\\\/2025\\\/11\\\/MATRIX-CHAMPION.png\",\"datePublished\":\"2025-11-28T14:38:46+00:00\",\"dateModified\":\"2026-02-19T09:39:14+00:00\",\"breadcrumb\":{\"@id\":\"https:\\\/\\\/europediamond.eu\\\/de\\\/produkte\\\/matrix-champion#breadcrumb\"},\"inLanguage\":\"de\",\"potentialAction\":[{\"@type\":\"ReadAction\",\"target\":[\"https:\\\/\\\/europediamond.eu\\\/de\\\/produkte\\\/matrix-champion\"]}]},{\"@type\":\"ImageObject\",\"inLanguage\":\"de\",\"@id\":\"https:\\\/\\\/europediamond.eu\\\/de\\\/produkte\\\/matrix-champion#primaryimage\",\"url\":\"https:\\\/\\\/europediamond.eu\\\/wp-content\\\/uploads\\\/2025\\\/11\\\/MATRIX-CHAMPION.png\",\"contentUrl\":\"https:\\\/\\\/europediamond.eu\\\/wp-content\\\/uploads\\\/2025\\\/11\\\/MATRIX-CHAMPION.png\",\"width\":612,\"height\":408},{\"@type\":\"BreadcrumbList\",\"@id\":\"https:\\\/\\\/europediamond.eu\\\/de\\\/produkte\\\/matrix-champion#breadcrumb\",\"itemListElement\":[{\"@type\":\"ListItem\",\"position\":1,\"name\":\"Home\",\"item\":\"https:\\\/\\\/europediamond.eu\\\/de\"},{\"@type\":\"ListItem\",\"position\":2,\"name\":\"Produkte\",\"item\":\"https:\\\/\\\/europediamond.eu\\\/producten\"},{\"@type\":\"ListItem\",\"position\":3,\"name\":\"MATRIX CHAMPION\"}]},{\"@type\":\"WebSite\",\"@id\":\"https:\\\/\\\/europediamond.eu\\\/de#website\",\"url\":\"https:\\\/\\\/europediamond.eu\\\/de\",\"name\":\"Europe Diamond B.V.\",\"description\":\"\",\"publisher\":{\"@id\":\"https:\\\/\\\/europediamond.eu\\\/de#organization\"},\"potentialAction\":[{\"@type\":\"SearchAction\",\"target\":{\"@type\":\"EntryPoint\",\"urlTemplate\":\"https:\\\/\\\/europediamond.eu\\\/de?s={search_term_string}\"},\"query-input\":{\"@type\":\"PropertyValueSpecification\",\"valueRequired\":true,\"valueName\":\"search_term_string\"}}],\"inLanguage\":\"de\"},{\"@type\":\"Organization\",\"@id\":\"https:\\\/\\\/europediamond.eu\\\/de#organization\",\"name\":\"Europe Diamond B.V.\",\"url\":\"https:\\\/\\\/europediamond.eu\\\/de\",\"logo\":{\"@type\":\"ImageObject\",\"inLanguage\":\"de\",\"@id\":\"https:\\\/\\\/europediamond.eu\\\/de#\\\/schema\\\/logo\\\/image\\\/\",\"url\":\"https:\\\/\\\/europediamond.eu\\\/wp-content\\\/uploads\\\/2024\\\/05\\\/logo-white.svg\",\"contentUrl\":\"https:\\\/\\\/europediamond.eu\\\/wp-content\\\/uploads\\\/2024\\\/05\\\/logo-white.svg\",\"width\":1,\"height\":1,\"caption\":\"Europe Diamond B.V.\"},\"image\":{\"@id\":\"https:\\\/\\\/europediamond.eu\\\/de#\\\/schema\\\/logo\\\/image\\\/\"},\"sameAs\":[\"https:\\\/\\\/www.facebook.com\\\/europediamond.eu\",\"https:\\\/\\\/www.instagram.com\\\/europediamond\\\/\"]}]}<\/script>\n<!-- \/ Yoast SEO plugin. -->","yoast_head_json":{"title":"MATRIX CHAMPION - Europe Diamond B.V.","robots":{"index":"index","follow":"follow","max-snippet":"max-snippet:-1","max-image-preview":"max-image-preview:large","max-video-preview":"max-video-preview:-1"},"canonical":"https:\/\/europediamond.eu\/de\/produkte\/matrix-champion","og_locale":"de_DE","og_type":"article","og_title":"MATRIX CHAMPION - Europe Diamond B.V.","og_description":"Das Matrix Champion S\u00e4geblatt ist ein Spitzenprodukt bei Betonarbeiten.","og_url":"https:\/\/europediamond.eu\/de\/produkte\/matrix-champion","og_site_name":"Europe Diamond B.V.","article_publisher":"https:\/\/www.facebook.com\/europediamond.eu","article_modified_time":"2026-02-19T09:39:14+00:00","og_image":[{"width":612,"height":408,"url":"https:\/\/europediamond.eu\/wp-content\/uploads\/2025\/11\/MATRIX-CHAMPION.png","type":"image\/png"}],"twitter_card":"summary_large_image","twitter_misc":{"Gesch\u00e4tzte Lesezeit":"1\u00a0Minute"},"schema":{"@context":"https:\/\/schema.org","@graph":[{"@type":"WebPage","@id":"https:\/\/europediamond.eu\/de\/produkte\/matrix-champion","url":"https:\/\/europediamond.eu\/de\/produkte\/matrix-champion","name":"MATRIX CHAMPION - Europe Diamond B.V.","isPartOf":{"@id":"https:\/\/europediamond.eu\/de#website"},"primaryImageOfPage":{"@id":"https:\/\/europediamond.eu\/de\/produkte\/matrix-champion#primaryimage"},"image":{"@id":"https:\/\/europediamond.eu\/de\/produkte\/matrix-champion#primaryimage"},"thumbnailUrl":"https:\/\/europediamond.eu\/wp-content\/uploads\/2025\/11\/MATRIX-CHAMPION.png","datePublished":"2025-11-28T14:38:46+00:00","dateModified":"2026-02-19T09:39:14+00:00","breadcrumb":{"@id":"https:\/\/europediamond.eu\/de\/produkte\/matrix-champion#breadcrumb"},"inLanguage":"de","potentialAction":[{"@type":"ReadAction","target":["https:\/\/europediamond.eu\/de\/produkte\/matrix-champion"]}]},{"@type":"ImageObject","inLanguage":"de","@id":"https:\/\/europediamond.eu\/de\/produkte\/matrix-champion#primaryimage","url":"https:\/\/europediamond.eu\/wp-content\/uploads\/2025\/11\/MATRIX-CHAMPION.png","contentUrl":"https:\/\/europediamond.eu\/wp-content\/uploads\/2025\/11\/MATRIX-CHAMPION.png","width":612,"height":408},{"@type":"BreadcrumbList","@id":"https:\/\/europediamond.eu\/de\/produkte\/matrix-champion#breadcrumb","itemListElement":[{"@type":"ListItem","position":1,"name":"Home","item":"https:\/\/europediamond.eu\/de"},{"@type":"ListItem","position":2,"name":"Produkte","item":"https:\/\/europediamond.eu\/producten"},{"@type":"ListItem","position":3,"name":"MATRIX CHAMPION"}]},{"@type":"WebSite","@id":"https:\/\/europediamond.eu\/de#website","url":"https:\/\/europediamond.eu\/de","name":"Europe Diamond B.V.","description":"","publisher":{"@id":"https:\/\/europediamond.eu\/de#organization"},"potentialAction":[{"@type":"SearchAction","target":{"@type":"EntryPoint","urlTemplate":"https:\/\/europediamond.eu\/de?s={search_term_string}"},"query-input":{"@type":"PropertyValueSpecification","valueRequired":true,"valueName":"search_term_string"}}],"inLanguage":"de"},{"@type":"Organization","@id":"https:\/\/europediamond.eu\/de#organization","name":"Europe Diamond B.V.","url":"https:\/\/europediamond.eu\/de","logo":{"@type":"ImageObject","inLanguage":"de","@id":"https:\/\/europediamond.eu\/de#\/schema\/logo\/image\/","url":"https:\/\/europediamond.eu\/wp-content\/uploads\/2024\/05\/logo-white.svg","contentUrl":"https:\/\/europediamond.eu\/wp-content\/uploads\/2024\/05\/logo-white.svg","width":1,"height":1,"caption":"Europe Diamond B.V."},"image":{"@id":"https:\/\/europediamond.eu\/de#\/schema\/logo\/image\/"},"sameAs":["https:\/\/www.facebook.com\/europediamond.eu","https:\/\/www.instagram.com\/europediamond\/"]}]}},"_links":{"self":[{"href":"https:\/\/europediamond.eu\/de\/wp-json\/wp\/v2\/product\/3093","targetHints":{"allow":["GET"]}}],"collection":[{"href":"https:\/\/europediamond.eu\/de\/wp-json\/wp\/v2\/product"}],"about":[{"href":"https:\/\/europediamond.eu\/de\/wp-json\/wp\/v2\/types\/product"}],"replies":[{"embeddable":true,"href":"https:\/\/europediamond.eu\/de\/wp-json\/wp\/v2\/comments?post=3093"}],"wp:featuredmedia":[{"embeddable":true,"href":"https:\/\/europediamond.eu\/de\/wp-json\/wp\/v2\/media\/2531"}],"wp:attachment":[{"href":"https:\/\/europediamond.eu\/de\/wp-json\/wp\/v2\/media?parent=3093"}],"wp:term":[{"taxonomy":"product_brand","embeddable":true,"href":"https:\/\/europediamond.eu\/de\/wp-json\/wp\/v2\/product_brand?post=3093"},{"taxonomy":"product_cat","embeddable":true,"href":"https:\/\/europediamond.eu\/de\/wp-json\/wp\/v2\/product_cat?post=3093"},{"taxonomy":"product_tag","embeddable":true,"href":"https:\/\/europediamond.eu\/de\/wp-json\/wp\/v2\/product_tag?post=3093"}],"curies":[{"name":"wp","href":"https:\/\/api.w.org\/{rel}","templated":true}]}}